{"id":656,"date":"2025-08-22T00:29:25","date_gmt":"2025-08-22T00:29:25","guid":{"rendered":"https:\/\/rentner.mylandingpage.ai\/?page_id=656"},"modified":"2026-04-20T16:10:48","modified_gmt":"2026-04-20T15:10:48","slug":"impressum","status":"publish","type":"page","link":"https:\/\/schweizerischerentnerstiftung.ch\/fr\/impressum\/","title":{"rendered":"Impressum"},"content":{"rendered":"<div data-elementor-type=\"wp-page\" data-elementor-id=\"656\" class=\"elementor elementor-656\" data-elementor-post-type=\"page\">\n\t\t\t\t<div class=\"elementor-element elementor-element-5b86b59 e-flex e-con-boxed e-con e-parent\" data-id=\"5b86b59\" data-element_type=\"container\" data-e-type=\"container\" data-settings=\"{&quot;background_background&quot;:&quot;classic&quot;}\">\n\t\t\t\t\t<div class=\"e-con-inner\">\n\t\t\t\t<div class=\"elementor-element elementor-element-5aa2c63 elementor-widget elementor-widget-heading\" data-id=\"5aa2c63\" data-element_type=\"widget\" data-e-type=\"widget\" data-widget_type=\"heading.default\">\n\t\t\t\t\t<h1 class=\"elementor-heading-title elementor-size-default\">Impressum<\/h1>\t\t\t\t<\/div>\n\t\t\t\t\t<\/div>\n\t\t\t\t<\/div>\n\t\t<div class=\"elementor-element elementor-element-1dc2bce e-flex e-con-boxed e-con e-parent\" data-id=\"1dc2bce\" data-element_type=\"container\" data-e-type=\"container\">\n\t\t\t\t\t<div class=\"e-con-inner\">\n\t\t<div class=\"elementor-element elementor-element-b677f37 e-con-full e-flex e-con e-child\" data-id=\"b677f37\" data-element_type=\"container\" data-e-type=\"container\">\n\t\t<div class=\"elementor-element elementor-element-4307914 e-con-full e-flex e-con e-child\" data-id=\"4307914\" data-element_type=\"container\" data-e-type=\"container\">\n\t\t\t\t<div class=\"elementor-element elementor-element-a27fa82 elementor-widget elementor-widget-text-editor\" data-id=\"a27fa82\" data-element_type=\"widget\" data-e-type=\"widget\" data-widget_type=\"text-editor.default\">\n\t\t\t\t\t\t\t\t\tao\u00fbt 22, 2025\t\t\t\t\t\t\t\t<\/div>\n\t\t\t\t<div class=\"elementor-element elementor-element-1912394 elementor-widget elementor-widget-text-editor\" data-id=\"1912394\" data-element_type=\"widget\" data-e-type=\"widget\" data-widget_type=\"text-editor.default\">\n\t\t\t\t\t\t\t\t\t<p class=\"impressum-lead\">Informations l\u00e9gales relatives \u00e0 la Schweizerische Rentnerstiftung SRS.<\/p>\n<hr class=\"impressum-divider\" \/>\n<h2>1. Responsable<\/h2>\n<p>Fondation Suisse des B\u00e9n\u00e9ficiaires de rentes<br \/>Aeplistrasse 7<br \/>9008 St.Gallen<br \/>Telefon: 071 244 24 48<br \/>E-Mail: <a href=\"mailto:geschaeftsstelle@rentnerstiftung.ch\">geschaeftsstelle@rentnerstiftung.ch<\/a><\/p>\n<hr class=\"impressum-divider\" \/>\n<h2>Si\u00e8ge administratif \n(jusqu'au 30 juin 2026)<\/h2>\n<p>Fondation Suisse des B\u00e9n\u00e9ficiaires de rentes<br \/>G\u00fcterstrasse 213<br \/>4053 Basel<br \/>Telefon: 061 515 02 60<\/p>\n<hr class=\"impressum-divider\" \/>\n<h2>3. Direction administrative et technique<\/h2>\n<p>PFS Pension Fund Services AG<br \/>Bureau administratif, case postale<br \/>8152 Glattbrugg<br \/>Telefon: +41 43 210 19 75<\/p>\n<hr class=\"impressum-divider\" \/>\n<h2>4. Repr\u00e9sentation<\/h2>\n<p>La fondation est repr\u00e9sent\u00e9e par le Conseil de fondation.<\/p>\n<hr class=\"impressum-divider\" \/>\n<h2>5. Responsabilit\u00e9<\/h2>\n<p>Le contenu de ce site web a \u00e9t\u00e9 r\u00e9dig\u00e9 avec le plus grand soin. Toutefois, nous ne pouvons garantir l'exactitude, l'exhaustivit\u00e9 et l'actualit\u00e9 des informations fournies. L'utilisation de ce site web se fait \u00e0 vos propres risques.<\/p>\n<hr class=\"impressum-divider\" \/>\n<h2>6. Droits d\u2019auteur<\/h2>\n<p>Les contenus de ce site sont soumis au droit d\u2019auteur suisse. Toute utilisation en dehors des limites l\u00e9gales n\u00e9cessite l\u2019accord \u00e9crit pr\u00e9alable de la fondation.<\/p>\n<hr class=\"impressum-divider\" \/>\n<h2>7. Liens externes<\/h2>\n<p>Les contenus des sites externes rel\u00e8vent exclusivement de la responsabilit\u00e9 de leurs exploitants.Les contenus des sites externes rel\u00e8vent exclusivement de la responsabilit\u00e9 de leurs exploitants.<\/p>\t\t\t\t\t\t\t\t<\/div>\n\t\t\t\t<\/div>\n\t\t\t\t<\/div>\n\t\t\t\t\t<\/div>\n\t\t\t\t<\/div>\n\t\t\t\t<\/div>","protected":false},"excerpt":{"rendered":"<p>Impressum Nachfolgend finden Sie die rechtlichen Angaben zur Schweizerischen Rentnerstiftung SRS sowie die relevanten Kontaktinformationen f\u00fcr Anfragen im Zusammenhang mit dieser Website. 1. Verantwortliche Stelle Schweizerische Rentnerstiftung SRSAeplistrasse 79008 St.GallenTelefon: 071 244 24 48E-Mail: geschaeftsstelle@rentnerstiftung.ch 2. Gesch\u00e4ftsstelle (bis 30. Juni 2026) Schweizerische Rentnerstiftung SRSG\u00fcterstrasse 2134053 BaselTelefon: 061 515 02 60 3. Technische und administrative Gesch\u00e4ftsf\u00fchrung [&hellip;]<\/p>\n","protected":false},"author":1,"featured_media":0,"parent":0,"menu_order":0,"comment_status":"closed","ping_status":"closed","template":"","meta":{"footnotes":""},"class_list":["post-656","page","type-page","status-publish","hentry"],"_links":{"self":[{"href":"https:\/\/schweizerischerentnerstiftung.ch\/fr\/wp-json\/wp\/v2\/pages\/656","targetHints":{"allow":["GET"]}}],"collection":[{"href":"https:\/\/schweizerischerentnerstiftung.ch\/fr\/wp-json\/wp\/v2\/pages"}],"about":[{"href":"https:\/\/schweizerischerentnerstiftung.ch\/fr\/wp-json\/wp\/v2\/types\/page"}],"author":[{"embeddable":true,"href":"https:\/\/schweizerischerentnerstiftung.ch\/fr\/wp-json\/wp\/v2\/users\/1"}],"replies":[{"embeddable":true,"href":"https:\/\/schweizerischerentnerstiftung.ch\/fr\/wp-json\/wp\/v2\/comments?post=656"}],"version-history":[{"count":26,"href":"https:\/\/schweizerischerentnerstiftung.ch\/fr\/wp-json\/wp\/v2\/pages\/656\/revisions"}],"predecessor-version":[{"id":1560,"href":"https:\/\/schweizerischerentnerstiftung.ch\/fr\/wp-json\/wp\/v2\/pages\/656\/revisions\/1560"}],"wp:attachment":[{"href":"https:\/\/schweizerischerentnerstiftung.ch\/fr\/wp-json\/wp\/v2\/media?parent=656"}],"curies":[{"name":"wp","href":"https:\/\/api.w.org\/{rel}","templated":true}]}}