{"id":373,"date":"2025-08-20T15:11:31","date_gmt":"2025-08-20T15:11:31","guid":{"rendered":"https:\/\/rentner.mylandingpage.ai\/?page_id=373"},"modified":"2026-04-13T10:55:50","modified_gmt":"2026-04-13T09:55:50","slug":"nos-partenaires","status":"publish","type":"page","link":"https:\/\/schweizerischerentnerstiftung.ch\/fr\/unsere-partner\/","title":{"rendered":"Nos partenaires"},"content":{"rendered":"<div data-elementor-type=\"wp-page\" data-elementor-id=\"373\" class=\"elementor elementor-373\" data-elementor-post-type=\"page\">\n\t\t\t\t<div class=\"elementor-element elementor-element-2d9c7e2 e-flex e-con-boxed e-con e-parent\" data-id=\"2d9c7e2\" data-element_type=\"container\" data-e-type=\"container\" data-settings=\"{&quot;background_background&quot;:&quot;classic&quot;}\">\n\t\t\t\t\t<div class=\"e-con-inner\">\n\t\t\t\t<div class=\"elementor-element elementor-element-d168048 elementor-widget elementor-widget-heading\" data-id=\"d168048\" data-element_type=\"widget\" data-e-type=\"widget\" data-widget_type=\"heading.default\">\n\t\t\t\t\t<h1 class=\"elementor-heading-title elementor-size-default\">Nos partenaires\n\n<\/h1>\t\t\t\t<\/div>\n\t\t\t\t<div class=\"elementor-element elementor-element-a07497b elementor-widget elementor-widget-text-editor\" data-id=\"a07497b\" data-element_type=\"widget\" data-e-type=\"widget\" data-widget_type=\"text-editor.default\">\n\t\t\t\t\t\t\t\t\t<p>Unsere Partner werden konsequent aufgrund eines sorgf\u00e4ltigen Auswahlverfahrens bestimmt und entsprechen unseren hohen Standards in der beruflichen Vorsorge. Unsere Partner und Dienstleistungen spiegeln unser Engagement f\u00fcr Exzellenz und Professionalit\u00e4t wieder.<\/p>\t\t\t\t\t\t\t\t<\/div>\n\t\t\t\t\t<\/div>\n\t\t\t\t<\/div>\n\t\t<div class=\"elementor-element elementor-element-be60224 e-flex e-con-boxed e-con e-parent\" data-id=\"be60224\" data-element_type=\"container\" data-e-type=\"container\">\n\t\t\t\t\t<div class=\"e-con-inner\">\n\t\t<div class=\"elementor-element elementor-element-ac59810 e-con-full e-flex e-con e-child\" data-id=\"ac59810\" data-element_type=\"container\" data-e-type=\"container\">\n\t\t\t\t<div class=\"elementor-element elementor-element-83011f8 headerfont elementor-widget elementor-widget-heading\" data-id=\"83011f8\" data-element_type=\"widget\" data-e-type=\"widget\" data-widget_type=\"heading.default\">\n\t\t\t\t\t<h1 class=\"elementor-heading-title elementor-size-default\">Organisation<\/h1>\t\t\t\t<\/div>\n\t\t<div class=\"elementor-element elementor-element-6422cb2 e-con-full e-flex e-con e-child\" data-id=\"6422cb2\" data-element_type=\"container\" data-e-type=\"container\">\n\t\t<div class=\"elementor-element elementor-element-04beebe e-con-full e-flex e-con e-child\" data-id=\"04beebe\" data-element_type=\"container\" data-e-type=\"container\">\n\t\t\t\t<div class=\"elementor-element elementor-element-1218991 elementor-widget elementor-widget-heading\" data-id=\"1218991\" data-element_type=\"widget\" data-e-type=\"widget\" data-widget_type=\"heading.default\">\n\t\t\t\t\t<h2 class=\"elementor-heading-title elementor-size-default\">Gesch\u00e4ftsf\u00fchrung bis 30. Juni 2026 <br>\n<br>\n<br>Gesch\u00e4ftsf\u00fchrung ab 1. Juli 2026<\/h2>\t\t\t\t<\/div>\n\t\t\t\t<\/div>\n\t\t<div class=\"elementor-element elementor-element-c7c4ef6 e-con-full e-flex e-con e-child\" data-id=\"c7c4ef6\" data-element_type=\"container\" data-e-type=\"container\">\n\t\t\t\t<div class=\"elementor-element elementor-element-3117bdf elementor-widget__width-initial elementor-widget elementor-widget-heading\" data-id=\"3117bdf\" data-element_type=\"widget\" data-e-type=\"widget\" data-widget_type=\"heading.default\">\n\t\t\t\t\t<h2 class=\"elementor-heading-title elementor-size-default\"> Schweizerische Rentnerstiftung SRS, 4053 Basel\u200b <br> Markus Kaufmann<br>\n<br>PFS Pension Fund Services AG, 8152 Glattbrugg <br> Denise Thommen<\/h2>\t\t\t\t<\/div>\n\t\t\t\t<\/div>\n\t\t\t\t<\/div>\n\t\t<div class=\"elementor-element elementor-element-61d6436 e-con-full e-flex e-con e-child\" data-id=\"61d6436\" data-element_type=\"container\" data-e-type=\"container\" data-settings=\"{&quot;background_background&quot;:&quot;classic&quot;}\">\n\t\t<div class=\"elementor-element elementor-element-819a1d0 e-con-full e-flex e-con e-child\" data-id=\"819a1d0\" data-element_type=\"container\" data-e-type=\"container\">\n\t\t\t\t<div class=\"elementor-element elementor-element-7089af3 elementor-widget elementor-widget-heading\" data-id=\"7089af3\" data-element_type=\"widget\" data-e-type=\"widget\" data-widget_type=\"heading.default\">\n\t\t\t\t\t<h2 class=\"elementor-heading-title elementor-size-default\">Expert en pr\u00e9voyance professionnelle<\/h2>\t\t\t\t<\/div>\n\t\t\t\t<\/div>\n\t\t<div class=\"elementor-element elementor-element-6aa6fb4 e-con-full e-flex e-con e-child\" data-id=\"6aa6fb4\" data-element_type=\"container\" data-e-type=\"container\">\n\t\t\t\t<div class=\"elementor-element elementor-element-4527440 elementor-widget elementor-widget-heading\" data-id=\"4527440\" data-element_type=\"widget\" data-e-type=\"widget\" data-widget_type=\"heading.default\">\n\t\t\t\t\t<h2 class=\"elementor-heading-title elementor-size-default\">Dipeka AG, 8048 Z\u00fcrich <br>\nPeter K. Bachmann\u200b<\/h2>\t\t\t\t<\/div>\n\t\t\t\t<\/div>\n\t\t\t\t<\/div>\n\t\t<div class=\"elementor-element elementor-element-144b7f0 e-con-full e-flex e-con e-child\" data-id=\"144b7f0\" data-element_type=\"container\" data-e-type=\"container\">\n\t\t<div class=\"elementor-element elementor-element-29c40b2 e-con-full e-flex e-con e-child\" data-id=\"29c40b2\" data-element_type=\"container\" data-e-type=\"container\">\n\t\t\t\t<div class=\"elementor-element elementor-element-7593404 elementor-widget elementor-widget-heading\" data-id=\"7593404\" data-element_type=\"widget\" data-e-type=\"widget\" data-widget_type=\"heading.default\">\n\t\t\t\t\t<h2 class=\"elementor-heading-title elementor-size-default\">Technische und kaufm\u00e4nnische Verwaltung<\/h2>\t\t\t\t<\/div>\n\t\t\t\t<\/div>\n\t\t<div class=\"elementor-element elementor-element-b4ba818 e-con-full e-flex e-con e-child\" data-id=\"b4ba818\" data-element_type=\"container\" data-e-type=\"container\">\n\t\t\t\t<div class=\"elementor-element elementor-element-22402e2 elementor-widget elementor-widget-heading\" data-id=\"22402e2\" data-element_type=\"widget\" data-e-type=\"widget\" data-widget_type=\"heading.default\">\n\t\t\t\t\t<h2 class=\"elementor-heading-title elementor-size-default\">PFS Pension Fund Services AG, 8152 Glattbrugg<\/h2>\t\t\t\t<\/div>\n\t\t\t\t<\/div>\n\t\t\t\t<\/div>\n\t\t<div class=\"elementor-element elementor-element-6267d2e e-con-full e-flex e-con e-child\" data-id=\"6267d2e\" data-element_type=\"container\" data-e-type=\"container\" data-settings=\"{&quot;background_background&quot;:&quot;classic&quot;}\">\n\t\t<div class=\"elementor-element elementor-element-36f1f09 e-con-full e-flex e-con e-child\" data-id=\"36f1f09\" data-element_type=\"container\" data-e-type=\"container\">\n\t\t\t\t<div class=\"elementor-element elementor-element-6e7f3f0 elementor-widget elementor-widget-heading\" data-id=\"6e7f3f0\" data-element_type=\"widget\" data-e-type=\"widget\" data-widget_type=\"heading.default\">\n\t\t\t\t\t<h2 class=\"elementor-heading-title elementor-size-default\">Investment Controller<\/h2>\t\t\t\t<\/div>\n\t\t\t\t<\/div>\n\t\t<div class=\"elementor-element elementor-element-f3add84 e-con-full e-flex e-con e-child\" data-id=\"f3add84\" data-element_type=\"container\" data-e-type=\"container\">\n\t\t\t\t<div class=\"elementor-element elementor-element-7fbff20 elementor-widget elementor-widget-heading\" data-id=\"7fbff20\" data-element_type=\"widget\" data-e-type=\"widget\" data-widget_type=\"heading.default\">\n\t\t\t\t\t<h2 class=\"elementor-heading-title elementor-size-default\">ECOFIN Investment Consulting AG, 8032 Z\u00fcrich\u200b<\/h2>\t\t\t\t<\/div>\n\t\t\t\t<\/div>\n\t\t\t\t<\/div>\n\t\t<div class=\"elementor-element elementor-element-85189fd e-con-full e-flex e-con e-child\" data-id=\"85189fd\" data-element_type=\"container\" data-e-type=\"container\">\n\t\t<div class=\"elementor-element elementor-element-1d27abb e-con-full e-flex e-con e-child\" data-id=\"1d27abb\" data-element_type=\"container\" data-e-type=\"container\">\n\t\t\t\t<div class=\"elementor-element elementor-element-2904709 elementor-widget elementor-widget-heading\" data-id=\"2904709\" data-element_type=\"widget\" data-e-type=\"widget\" data-widget_type=\"heading.default\">\n\t\t\t\t\t<h2 class=\"elementor-heading-title elementor-size-default\">Global Custodian<\/h2>\t\t\t\t<\/div>\n\t\t\t\t<\/div>\n\t\t<div class=\"elementor-element elementor-element-53e28a4 e-con-full e-flex e-con e-child\" data-id=\"53e28a4\" data-element_type=\"container\" data-e-type=\"container\">\n\t\t\t\t<div class=\"elementor-element elementor-element-1174bf4 elementor-widget elementor-widget-heading\" data-id=\"1174bf4\" data-element_type=\"widget\" data-e-type=\"widget\" data-widget_type=\"heading.default\">\n\t\t\t\t\t<h2 class=\"elementor-heading-title elementor-size-default\">UBS Switzerland AG, 9000 St.Gallen<\/h2>\t\t\t\t<\/div>\n\t\t\t\t<\/div>\n\t\t\t\t<\/div>\n\t\t<div class=\"elementor-element elementor-element-ef031d1 e-con-full e-flex e-con e-child\" data-id=\"ef031d1\" data-element_type=\"container\" data-e-type=\"container\">\n\t\t<div class=\"elementor-element elementor-element-abf5170 e-con-full e-flex e-con e-child\" data-id=\"abf5170\" data-element_type=\"container\" data-e-type=\"container\">\n\t\t\t\t<div class=\"elementor-element elementor-element-89d63d9 elementor-widget elementor-widget-heading\" data-id=\"89d63d9\" data-element_type=\"widget\" data-e-type=\"widget\" data-widget_type=\"heading.default\">\n\t\t\t\t\t<h2 class=\"elementor-heading-title elementor-size-default\">Investment-Consultant<\/h2>\t\t\t\t<\/div>\n\t\t\t\t<\/div>\n\t\t<div class=\"elementor-element elementor-element-67cae16 e-con-full e-flex e-con e-child\" data-id=\"67cae16\" data-element_type=\"container\" data-e-type=\"container\">\n\t\t\t\t<div class=\"elementor-element elementor-element-eb6fdb7 elementor-widget elementor-widget-heading\" data-id=\"eb6fdb7\" data-element_type=\"widget\" data-e-type=\"widget\" data-widget_type=\"heading.default\">\n\t\t\t\t\t<h2 class=\"elementor-heading-title elementor-size-default\">invalue ag, 9000 St.Gallen <br> Jeannette Leuch\u200b<\/h2>\t\t\t\t<\/div>\n\t\t\t\t<\/div>\n\t\t\t\t<\/div>\n\t\t<div class=\"elementor-element elementor-element-e7e2651 e-con-full e-flex e-con e-child\" data-id=\"e7e2651\" data-element_type=\"container\" data-e-type=\"container\" data-settings=\"{&quot;background_background&quot;:&quot;classic&quot;}\">\n\t\t<div class=\"elementor-element elementor-element-9150458 e-con-full e-flex e-con e-child\" data-id=\"9150458\" data-element_type=\"container\" data-e-type=\"container\">\n\t\t\t\t<div class=\"elementor-element elementor-element-bb28e5e elementor-widget elementor-widget-heading\" data-id=\"bb28e5e\" data-element_type=\"widget\" data-e-type=\"widget\" data-widget_type=\"heading.default\">\n\t\t\t\t\t<h2 class=\"elementor-heading-title elementor-size-default\">Depot Bank, Global Custodian und Wertschriftenbuchhaltung \u200b<\/h2>\t\t\t\t<\/div>\n\t\t\t\t<\/div>\n\t\t<div class=\"elementor-element elementor-element-9be8edb e-con-full e-flex e-con e-child\" data-id=\"9be8edb\" data-element_type=\"container\" data-e-type=\"container\">\n\t\t\t\t<div class=\"elementor-element elementor-element-13bd48c elementor-widget elementor-widget-heading\" data-id=\"13bd48c\" data-element_type=\"widget\" data-e-type=\"widget\" data-widget_type=\"heading.default\">\n\t\t\t\t\t<h2 class=\"elementor-heading-title elementor-size-default\">UBS Switzerland AG, 8000 Z\u00fcrich<\/h2>\t\t\t\t<\/div>\n\t\t\t\t<\/div>\n\t\t\t\t<\/div>\n\t\t<div class=\"elementor-element elementor-element-87851af e-con-full e-flex e-con e-child\" data-id=\"87851af\" data-element_type=\"container\" data-e-type=\"container\">\n\t\t<div class=\"elementor-element elementor-element-3cc1750 e-con-full e-flex e-con e-child\" data-id=\"3cc1750\" data-element_type=\"container\" data-e-type=\"container\">\n\t\t\t\t<div class=\"elementor-element elementor-element-3c3529f elementor-widget elementor-widget-heading\" data-id=\"3c3529f\" data-element_type=\"widget\" data-e-type=\"widget\" data-widget_type=\"heading.default\">\n\t\t\t\t\t<h2 class=\"elementor-heading-title elementor-size-default\">Organe de r\u00e9vision<\/h2>\t\t\t\t<\/div>\n\t\t\t\t<\/div>\n\t\t<div class=\"elementor-element elementor-element-0d7f1b5 e-con-full e-flex e-con e-child\" data-id=\"0d7f1b5\" data-element_type=\"container\" data-e-type=\"container\">\n\t\t\t\t<div class=\"elementor-element elementor-element-d84cf57 elementor-widget elementor-widget-heading\" data-id=\"d84cf57\" data-element_type=\"widget\" data-e-type=\"widget\" data-widget_type=\"heading.default\">\n\t\t\t\t\t<h2 class=\"elementor-heading-title elementor-size-default\">Consultive Revisions AG, 9200 Gossau, Christian Jost\u200b<\/h2>\t\t\t\t<\/div>\n\t\t\t\t<\/div>\n\t\t\t\t<\/div>\n\t\t<div class=\"elementor-element elementor-element-3017836 e-con-full e-flex e-con e-child\" data-id=\"3017836\" data-element_type=\"container\" data-e-type=\"container\" data-settings=\"{&quot;background_background&quot;:&quot;classic&quot;}\">\n\t\t<div class=\"elementor-element elementor-element-ca5907e e-con-full e-flex e-con e-child\" data-id=\"ca5907e\" data-element_type=\"container\" data-e-type=\"container\">\n\t\t\t\t<div class=\"elementor-element elementor-element-53c24f2 elementor-widget elementor-widget-heading\" data-id=\"53c24f2\" data-element_type=\"widget\" data-e-type=\"widget\" data-widget_type=\"heading.default\">\n\t\t\t\t\t<h2 class=\"elementor-heading-title elementor-size-default\">Autorit\u00e9 de surveillance<\/h2>\t\t\t\t<\/div>\n\t\t\t\t<\/div>\n\t\t<div class=\"elementor-element elementor-element-8fb4ba7 e-con-full e-flex e-con e-child\" data-id=\"8fb4ba7\" data-element_type=\"container\" data-e-type=\"container\">\n\t\t\t\t<div class=\"elementor-element elementor-element-ea6b5e8 elementor-widget elementor-widget-heading\" data-id=\"ea6b5e8\" data-element_type=\"widget\" data-e-type=\"widget\" data-widget_type=\"heading.default\">\n\t\t\t\t\t<h2 class=\"elementor-heading-title elementor-size-default\">ATIOZ\nStiftungsaufsicht Tessin, Ostschweiz und Z\u00fcrich, 8006 Z\u00fcrich<\/h2>\t\t\t\t<\/div>\n\t\t\t\t<\/div>\n\t\t\t\t<\/div>\n\t\t<div class=\"elementor-element elementor-element-687e9c7 e-con-full e-flex e-con e-child\" data-id=\"687e9c7\" data-element_type=\"container\" data-e-type=\"container\">\n\t\t<div class=\"elementor-element elementor-element-9f9e7e9 e-con-full e-flex e-con e-child\" data-id=\"9f9e7e9\" data-element_type=\"container\" data-e-type=\"container\">\n\t\t\t\t<div class=\"elementor-element elementor-element-f735e21 elementor-widget elementor-widget-heading\" data-id=\"f735e21\" data-element_type=\"widget\" data-e-type=\"widget\" data-widget_type=\"heading.default\">\n\t\t\t\t\t<h2 class=\"elementor-heading-title elementor-size-default\">Registre du commerce<\/h2>\t\t\t\t<\/div>\n\t\t\t\t<\/div>\n\t\t<div class=\"elementor-element elementor-element-8d2b2a8 e-con-full e-flex e-con e-child\" data-id=\"8d2b2a8\" data-element_type=\"container\" data-e-type=\"container\">\n\t\t\t\t<div class=\"elementor-element elementor-element-2811f5b elementor-widget elementor-widget-heading\" data-id=\"2811f5b\" data-element_type=\"widget\" data-e-type=\"widget\" data-widget_type=\"heading.default\">\n\t\t\t\t\t<h2 class=\"elementor-heading-title elementor-size-default\">Firmen-Nr. CHE 109.782.148\u200b<\/h2>\t\t\t\t<\/div>\n\t\t\t\t<\/div>\n\t\t\t\t<\/div>\n\t\t<div class=\"elementor-element elementor-element-4e33749 e-con-full e-flex e-con e-child\" data-id=\"4e33749\" data-element_type=\"container\" data-e-type=\"container\" data-settings=\"{&quot;background_background&quot;:&quot;classic&quot;}\">\n\t\t<div class=\"elementor-element elementor-element-fde0278 e-con-full e-flex e-con e-child\" data-id=\"fde0278\" data-element_type=\"container\" data-e-type=\"container\">\n\t\t\t\t<div class=\"elementor-element elementor-element-f9dad30 elementor-widget elementor-widget-heading\" data-id=\"f9dad30\" data-element_type=\"widget\" data-e-type=\"widget\" data-widget_type=\"heading.default\">\n\t\t\t\t\t<h2 class=\"elementor-heading-title elementor-size-default\">Registre de la pr\u00e9voyance professionnelle<\/h2>\t\t\t\t<\/div>\n\t\t\t\t<\/div>\n\t\t<div class=\"elementor-element elementor-element-d16ecc5 e-con-full e-flex e-con e-child\" data-id=\"d16ecc5\" data-element_type=\"container\" data-e-type=\"container\">\n\t\t\t\t<div class=\"elementor-element elementor-element-5c10e10 elementor-widget elementor-widget-heading\" data-id=\"5c10e10\" data-element_type=\"widget\" data-e-type=\"widget\" data-widget_type=\"heading.default\">\n\t\t\t\t\t<h2 class=\"elementor-heading-title elementor-size-default\">SG 343\u200b<\/h2>\t\t\t\t<\/div>\n\t\t\t\t<\/div>\n\t\t\t\t<\/div>\n\t\t<div class=\"elementor-element elementor-element-15cc9c5 e-con-full e-flex e-con e-child\" data-id=\"15cc9c5\" data-element_type=\"container\" data-e-type=\"container\">\n\t\t<div class=\"elementor-element elementor-element-8c4e837 e-con-full e-flex e-con e-child\" data-id=\"8c4e837\" data-element_type=\"container\" data-e-type=\"container\">\n\t\t\t\t<div class=\"elementor-element elementor-element-c105c79 elementor-widget elementor-widget-heading\" data-id=\"c105c79\" data-element_type=\"widget\" data-e-type=\"widget\" data-widget_type=\"heading.default\">\n\t\t\t\t\t<h2 class=\"elementor-heading-title elementor-size-default\">Coordonn\u00e9es bancaires<\/h2>\t\t\t\t<\/div>\n\t\t\t\t<\/div>\n\t\t<div class=\"elementor-element elementor-element-82da149 e-con-full e-flex e-con e-child\" data-id=\"82da149\" data-element_type=\"container\" data-e-type=\"container\">\n\t\t\t\t<div class=\"elementor-element elementor-element-8769954 elementor-widget elementor-widget-heading\" data-id=\"8769954\" data-element_type=\"widget\" data-e-type=\"widget\" data-widget_type=\"heading.default\">\n\t\t\t\t\t<h2 class=\"elementor-heading-title elementor-size-default\">UBS Switzerland AG, 8000 Z\u00fcrich <br>\nIBAN: CH06 0023 3233 3401 3101 P<\/h2>\t\t\t\t<\/div>\n\t\t\t\t<\/div>\n\t\t\t\t<\/div>\n\t\t\t\t<\/div>\n\t\t\t\t\t<\/div>\n\t\t\t\t<\/div>\n\t\t<div class=\"elementor-element elementor-element-f92273c e-flex e-con-boxed e-con e-parent\" data-id=\"f92273c\" data-element_type=\"container\" data-e-type=\"container\" data-settings=\"{&quot;background_background&quot;:&quot;classic&quot;}\">\n\t\t\t\t\t<div class=\"e-con-inner\">\n\t\t\t\t<div class=\"elementor-element elementor-element-50b8dce elementor-widget elementor-widget-heading\" data-id=\"50b8dce\" data-element_type=\"widget\" data-e-type=\"widget\" data-widget_type=\"heading.default\">\n\t\t\t\t\t<h1 class=\"elementor-heading-title elementor-size-default\">Vous avez des questions\u00a0? Nous vous conseillons personnellement, en toute confidentialit\u00e9 et en nous concentrant sur les solutions.<\/h1>\t\t\t\t<\/div>\n\t\t\t\t<div class=\"elementor-element elementor-element-71c5675 elementor-widget elementor-widget-button\" data-id=\"71c5675\" data-element_type=\"widget\" data-e-type=\"widget\" data-widget_type=\"button.default\">\n\t\t\t\t\t\t\t\t\t\t<a class=\"elementor-button elementor-button-link elementor-size-sm\" href=\"\/fr\/contact\/\">\n\t\t\t\t\t\t<span class=\"elementor-button-content-wrapper\">\n\t\t\t\t\t\t\t\t\t<span class=\"elementor-button-text\">Contactez-nous<\/span>\n\t\t\t\t\t<\/span>\n\t\t\t\t\t<\/a>\n\t\t\t\t\t\t\t\t<\/div>\n\t\t\t\t\t<\/div>\n\t\t\t\t<\/div>\n\t\t\t\t<\/div>","protected":false},"excerpt":{"rendered":"<p>Unsere Partner Unsere Partner werden konsequent aufgrund eines sorgf\u00e4ltigen Auswahlverfahrens bestimmt und entsprechen unseren hohen Standards in der beruflichen Vorsorge. Unsere Partner und Dienstleistungen spiegeln unser Engagement f\u00fcr Exzellenz und Professionalit\u00e4t wieder. Organisation Gesch\u00e4ftsf\u00fchrung bis 30. Juni 2026 Gesch\u00e4ftsf\u00fchrung ab 1. Juli 2026 Schweizerische Rentnerstiftung SRS, 4053 Basel\u200b Markus Kaufmann PFS Pension Fund Services AG, [&hellip;]<\/p>\n","protected":false},"author":1,"featured_media":0,"parent":0,"menu_order":0,"comment_status":"closed","ping_status":"closed","template":"","meta":{"footnotes":""},"class_list":["post-373","page","type-page","status-publish","hentry"],"_links":{"self":[{"href":"https:\/\/schweizerischerentnerstiftung.ch\/fr\/wp-json\/wp\/v2\/pages\/373","targetHints":{"allow":["GET"]}}],"collection":[{"href":"https:\/\/schweizerischerentnerstiftung.ch\/fr\/wp-json\/wp\/v2\/pages"}],"about":[{"href":"https:\/\/schweizerischerentnerstiftung.ch\/fr\/wp-json\/wp\/v2\/types\/page"}],"author":[{"embeddable":true,"href":"https:\/\/schweizerischerentnerstiftung.ch\/fr\/wp-json\/wp\/v2\/users\/1"}],"replies":[{"embeddable":true,"href":"https:\/\/schweizerischerentnerstiftung.ch\/fr\/wp-json\/wp\/v2\/comments?post=373"}],"version-history":[{"count":90,"href":"https:\/\/schweizerischerentnerstiftung.ch\/fr\/wp-json\/wp\/v2\/pages\/373\/revisions"}],"predecessor-version":[{"id":1402,"href":"https:\/\/schweizerischerentnerstiftung.ch\/fr\/wp-json\/wp\/v2\/pages\/373\/revisions\/1402"}],"wp:attachment":[{"href":"https:\/\/schweizerischerentnerstiftung.ch\/fr\/wp-json\/wp\/v2\/media?parent=373"}],"curies":[{"name":"wp","href":"https:\/\/api.w.org\/{rel}","templated":true}]}}