{"id":290,"date":"2025-08-20T11:11:09","date_gmt":"2025-08-20T11:11:09","guid":{"rendered":"https:\/\/rentner.mylandingpage.ai\/?page_id=290"},"modified":"2026-04-13T09:15:31","modified_gmt":"2026-04-13T08:15:31","slug":"chronique","status":"publish","type":"page","link":"https:\/\/schweizerischerentnerstiftung.ch\/fr\/kolumne\/","title":{"rendered":"Chronique"},"content":{"rendered":"<div data-elementor-type=\"wp-page\" data-elementor-id=\"290\" class=\"elementor elementor-290\" data-elementor-post-type=\"page\">\n\t\t\t\t<div class=\"elementor-element elementor-element-2cc932d e-flex e-con-boxed e-con e-parent\" data-id=\"2cc932d\" data-element_type=\"container\" data-e-type=\"container\" data-settings=\"{&quot;background_background&quot;:&quot;classic&quot;}\">\n\t\t\t\t\t<div class=\"e-con-inner\">\n\t\t\t\t<div class=\"elementor-element elementor-element-3f19671 headerfont elementor-widget elementor-widget-heading\" data-id=\"3f19671\" data-element_type=\"widget\" data-e-type=\"widget\" data-widget_type=\"heading.default\">\n\t\t\t\t\t<h1 class=\"elementor-heading-title elementor-size-default\">Chronique<\/h1>\t\t\t\t<\/div>\n\t\t\t\t<div class=\"elementor-element elementor-element-a7a2bee elementor-widget elementor-widget-text-editor\" data-id=\"a7a2bee\" data-element_type=\"widget\" data-e-type=\"widget\" data-widget_type=\"text-editor.default\">\n\t\t\t\t\t\t\t\t\t<p>Der Druck auf die berufliche Vorsorge steigt: Demografie, volatile M\u00e4rkte und wachsende Regulierung fordern Innovationen:<br \/>Eine L\u00f6sung r\u00fcckt ins Zentrum \u2013 die Auslagerung von Rentnerbest\u00e4nden in spezialisierte Stiftungen.<\/p><p>Diese Kolumne richtet sich an Verantwortungstr\u00e4ger wie Stiftungsr\u00e4te, Gesch\u00e4ftsf\u00fchrer von Pensionskassen, Arbeitgeber- und Arbeitnehmervertreter, Experten und Broker.<br \/>Ziel: Orientierung, Chancen und Impulse f\u00fcr tragf\u00e4hige Entscheidungen aufzeigen.<\/p><p>Die \u00dcbertragung von Rentenbest\u00e4nden ist mehr als Technik \u2013 sie ist eine strategische Weichenstellung mit langfristigen Folgen. <br \/>Hier finden Sie Anst\u00f6sse f\u00fcr einen bewussten und fundierten Umgang mit dem Thema.<\/p>\t\t\t\t\t\t\t\t<\/div>\n\t\t\t\t\t<\/div>\n\t\t\t\t<\/div>\n\t\t<div class=\"elementor-element elementor-element-dea0bfe e-flex e-con-boxed e-con e-parent\" data-id=\"dea0bfe\" data-element_type=\"container\" data-e-type=\"container\">\n\t\t\t\t\t<div class=\"e-con-inner\">\n\t\t\t\t<div class=\"elementor-element elementor-element-774e7ef elementor-grid-tablet-1 elementor-grid-3 elementor-grid-mobile-1 elementor-posts--thumbnail-top elementor-card-shadow-yes elementor-posts__hover-gradient elementor-widget elementor-widget-posts\" data-id=\"774e7ef\" data-element_type=\"widget\" data-e-type=\"widget\" data-settings=\"{&quot;pagination_type&quot;:&quot;numbers_and_prev_next&quot;,&quot;cards_columns_tablet&quot;:&quot;1&quot;,&quot;cards_columns&quot;:&quot;3&quot;,&quot;cards_columns_mobile&quot;:&quot;1&quot;,&quot;cards_row_gap&quot;:{&quot;unit&quot;:&quot;px&quot;,&quot;size&quot;:35,&quot;sizes&quot;:[]},&quot;cards_row_gap_tablet&quot;:{&quot;unit&quot;:&quot;px&quot;,&quot;size&quot;:&quot;&quot;,&quot;sizes&quot;:[]},&quot;cards_row_gap_mobile&quot;:{&quot;unit&quot;:&quot;px&quot;,&quot;size&quot;:&quot;&quot;,&quot;sizes&quot;:[]}}\" data-widget_type=\"posts.cards\">\n\t\t\t\t<div class=\"elementor-widget-container\">\n\t\t\t\t\t\t\t<div class=\"elementor-posts-container elementor-posts elementor-posts--skin-cards elementor-grid\" role=\"list\">\n\t\t\t\t<article class=\"elementor-post elementor-grid-item post-850 post type-post status-publish format-standard has-post-thumbnail hentry category-uncategorized\" role=\"listitem\">\n\t\t\t<div class=\"elementor-post__card\">\n\t\t\t\t<a class=\"elementor-post__thumbnail__link\" href=\"https:\/\/schweizerischerentnerstiftung.ch\/fr\/2025\/11\/20\/40-jahre-bvg-sicherheit-fuer-heute-und-morgen-die-schweizerische-rentnerstiftung-srs\/\" tabindex=\"-1\" ><div class=\"elementor-post__thumbnail\"><img fetchpriority=\"high\" decoding=\"async\" width=\"768\" height=\"512\" src=\"https:\/\/schweizerischerentnerstiftung.ch\/wp-content\/uploads\/2025\/11\/Rentnerstiftung-2025-768x512.png\" class=\"attachment-medium_large size-medium_large wp-image-854\" alt=\"\" srcset=\"https:\/\/schweizerischerentnerstiftung.ch\/wp-content\/uploads\/2025\/11\/Rentnerstiftung-2025-768x512.png 768w, https:\/\/schweizerischerentnerstiftung.ch\/wp-content\/uploads\/2025\/11\/Rentnerstiftung-2025-300x200.png 300w, https:\/\/schweizerischerentnerstiftung.ch\/wp-content\/uploads\/2025\/11\/Rentnerstiftung-2025-1024x683.png 1024w, https:\/\/schweizerischerentnerstiftung.ch\/wp-content\/uploads\/2025\/11\/Rentnerstiftung-2025-18x12.png 18w, https:\/\/schweizerischerentnerstiftung.ch\/wp-content\/uploads\/2025\/11\/Rentnerstiftung-2025.png 1536w\" sizes=\"(max-width: 768px) 100vw, 768px\" \/><\/div><\/a>\n\t\t\t\t<div class=\"elementor-post__text\">\n\t\t\t\t<h3 class=\"elementor-post__title\">\n\t\t\t<a href=\"https:\/\/schweizerischerentnerstiftung.ch\/fr\/2025\/11\/20\/40-jahre-bvg-sicherheit-fuer-heute-und-morgen-die-schweizerische-rentnerstiftung-srs\/\" >\n\t\t\t\tLa LPP a 40 ans \u2013 la s\u00e9curit\u00e9 aujourd\u2019hui et demain avec la Fondation suisse des b\u00e9n\u00e9ficiaires de rentes FSB\t\t\t<\/a>\n\t\t<\/h3>\n\t\t\t\t<div class=\"elementor-post__excerpt\">\n\t\t\t<p>La Fondation suisse des b\u00e9n\u00e9ficiaires de rentes FSB est une institution commune qui assure exclusivement des rentes et dont le si\u00e8ge est \u00e0 Saint-Gall. La somme de son bilan se chiffre \u00e0 un peu plus d\u2019un milliard de francs. Actuellement, elle verse \u00e0 ses quelque 4600 destinataires des rentes d\u2019un montant de 72 millions de francs par an. La FSB est \u00e0 tout moment dispos\u00e9e \u00e0 reprendre de nouveaux portefeuilles de rentes. Elle utilise des bases techniques tr\u00e8s conservatrices et place les capitaux avec soin et de fa\u00e7on peu risqu\u00e9e.<\/p>\n\t\t<\/div>\n\t\t\t\t\t<div class=\"elementor-post__read-more-wrapper\">\n\t\t\n\t\t<a class=\"elementor-post__read-more\" href=\"https:\/\/schweizerischerentnerstiftung.ch\/fr\/2025\/11\/20\/40-jahre-bvg-sicherheit-fuer-heute-und-morgen-die-schweizerische-rentnerstiftung-srs\/\" aria-label=\"En savoir plus sur 40 Jahre BVG \u2013 Sicherheit f\u00fcr heute und morgen: Die Schweizerische Rentnerstiftung SRS\" tabindex=\"-1\" >\n\t\t\tContinuer la lecture \u00bb\t\t<\/a>\n\n\t\t\t\t\t<\/div>\n\t\t\t\t<\/div>\n\t\t\t\t<div class=\"elementor-post__meta-data\">\n\t\t\t\t\t<span class=\"elementor-post-date\">\n\t\t\tnovembre 20, 2025\t\t<\/span>\n\t\t\t\t<\/div>\n\t\t\t\t\t<\/div>\n\t\t<\/article>\n\t\t\t\t<article class=\"elementor-post elementor-grid-item post-317 post type-post status-publish format-standard has-post-thumbnail hentry category-uncategorized\" role=\"listitem\">\n\t\t\t<div class=\"elementor-post__card\">\n\t\t\t\t<a class=\"elementor-post__thumbnail__link\" href=\"https:\/\/schweizerischerentnerstiftung.ch\/fr\/2025\/08\/20\/die-schweizerische-rentnerstiftung-srs\/\" tabindex=\"-1\" ><div class=\"elementor-post__thumbnail\"><img decoding=\"async\" width=\"768\" height=\"461\" src=\"https:\/\/schweizerischerentnerstiftung.ch\/wp-content\/uploads\/2025\/08\/PK-Zukunft_da9821cd727390129d2d60f44b6a05bc-768x461.png\" class=\"attachment-medium_large size-medium_large wp-image-318\" alt=\"\" srcset=\"https:\/\/schweizerischerentnerstiftung.ch\/wp-content\/uploads\/2025\/08\/PK-Zukunft_da9821cd727390129d2d60f44b6a05bc-768x461.png 768w, https:\/\/schweizerischerentnerstiftung.ch\/wp-content\/uploads\/2025\/08\/PK-Zukunft_da9821cd727390129d2d60f44b6a05bc-300x180.png 300w, https:\/\/schweizerischerentnerstiftung.ch\/wp-content\/uploads\/2025\/08\/PK-Zukunft_da9821cd727390129d2d60f44b6a05bc-1024x614.png 1024w, https:\/\/schweizerischerentnerstiftung.ch\/wp-content\/uploads\/2025\/08\/PK-Zukunft_da9821cd727390129d2d60f44b6a05bc.png 1280w\" sizes=\"(max-width: 768px) 100vw, 768px\" \/><\/div><\/a>\n\t\t\t\t<div class=\"elementor-post__text\">\n\t\t\t\t<h3 class=\"elementor-post__title\">\n\t\t\t<a href=\"https:\/\/schweizerischerentnerstiftung.ch\/fr\/2025\/08\/20\/die-schweizerische-rentnerstiftung-srs\/\" >\n\t\t\t\tLa Fondation suisse des retrait\u00e9s SRS\t\t\t<\/a>\n\t\t<\/h3>\n\t\t\t\t<div class=\"elementor-post__excerpt\">\n\t\t\t<p>La Fondation suisse des retrait\u00e9s SRS est une institution commune dont le si\u00e8ge se trouve \u00e0 Saint-Gall et qui assure exclusivement les retrait\u00e9s. Elle affiche un total du bilan l\u00e9g\u00e8rement sup\u00e9rieur \u00e0 un milliard de francs. Elle verse actuellement 72 millions de francs par an \u00e0 ses quelque 4 600 retrait\u00e9s. La SRS est pr\u00eate \u00e0 tout moment \u00e0 prendre en charge de nouveaux retrait\u00e9s. Elle repose sur des bases techniques tr\u00e8s conservatrices et investit l'argent avec prudence et en limitant les risques.<\/p>\n\t\t<\/div>\n\t\t\t\t\t<div class=\"elementor-post__read-more-wrapper\">\n\t\t\n\t\t<a class=\"elementor-post__read-more\" href=\"https:\/\/schweizerischerentnerstiftung.ch\/fr\/2025\/08\/20\/die-schweizerische-rentnerstiftung-srs\/\" aria-label=\"En savoir plus sur Die Schweizerische Rentnerstiftung SRS\" tabindex=\"-1\" >\n\t\t\tContinuer la lecture \u00bb\t\t<\/a>\n\n\t\t\t\t\t<\/div>\n\t\t\t\t<\/div>\n\t\t\t\t<div class=\"elementor-post__meta-data\">\n\t\t\t\t\t<span class=\"elementor-post-date\">\n\t\t\tao\u00fbt 20, 2025\t\t<\/span>\n\t\t\t\t<\/div>\n\t\t\t\t\t<\/div>\n\t\t<\/article>\n\t\t\t\t<article class=\"elementor-post elementor-grid-item post-1 post type-post status-publish format-standard has-post-thumbnail hentry category-uncategorized\" role=\"listitem\">\n\t\t\t<div class=\"elementor-post__card\">\n\t\t\t\t<a class=\"elementor-post__thumbnail__link\" href=\"https:\/\/schweizerischerentnerstiftung.ch\/fr\/2025\/08\/19\/interview-mit-der-schweizerischen-rentnerstiftung\/\" tabindex=\"-1\" ><div class=\"elementor-post__thumbnail\"><img decoding=\"async\" width=\"460\" height=\"259\" src=\"https:\/\/schweizerischerentnerstiftung.ch\/wp-content\/uploads\/2025\/08\/Screenshot-2025-04-30-at-12.16.49_4f7fc416e5dee6991d99fe1b362ed521.png\" class=\"attachment-medium_large size-medium_large wp-image-306\" alt=\"\" srcset=\"https:\/\/schweizerischerentnerstiftung.ch\/wp-content\/uploads\/2025\/08\/Screenshot-2025-04-30-at-12.16.49_4f7fc416e5dee6991d99fe1b362ed521.png 460w, https:\/\/schweizerischerentnerstiftung.ch\/wp-content\/uploads\/2025\/08\/Screenshot-2025-04-30-at-12.16.49_4f7fc416e5dee6991d99fe1b362ed521-300x169.png 300w\" sizes=\"(max-width: 460px) 100vw, 460px\" \/><\/div><\/a>\n\t\t\t\t<div class=\"elementor-post__text\">\n\t\t\t\t<h3 class=\"elementor-post__title\">\n\t\t\t<a href=\"https:\/\/schweizerischerentnerstiftung.ch\/fr\/2025\/08\/19\/interview-mit-der-schweizerischen-rentnerstiftung\/\" >\n\t\t\t\tZwei Stiftungsr\u00e4te im Gespr\u00e4ch\t\t\t<\/a>\n\t\t<\/h3>\n\t\t\t\t<div class=\"elementor-post__excerpt\">\n\t\t\t<p>In der komplexen Landschaft der beruflichen Vorsorge spielt die Sicherstellung stabiler und langfristiger Rentenl\u00f6sungen eine Schl\u00fcsselrolle. Die Schweizerische Rentnerstiftung SRS hat sich diesem Ziel verschrieben und bietet Rentnern eine verl\u00e4ssliche versicherungstechnische Heimat. Im Gespr\u00e4ch von Clivia Koch mit Werner Riegert erfahren Sie mehr \u00fcber Entstehung,<\/p>\n\t\t<\/div>\n\t\t\t\t\t<div class=\"elementor-post__read-more-wrapper\">\n\t\t\n\t\t<a class=\"elementor-post__read-more\" href=\"https:\/\/schweizerischerentnerstiftung.ch\/fr\/2025\/08\/19\/interview-mit-der-schweizerischen-rentnerstiftung\/\" aria-label=\"En savoir plus sur Zwei Stiftungsr\u00e4te im Gespr\u00e4ch\" tabindex=\"-1\" >\n\t\t\tContinuer la lecture \u00bb\t\t<\/a>\n\n\t\t\t\t\t<\/div>\n\t\t\t\t<\/div>\n\t\t\t\t<div class=\"elementor-post__meta-data\">\n\t\t\t\t\t<span class=\"elementor-post-date\">\n\t\t\tao\u00fbt 19, 2025\t\t<\/span>\n\t\t\t\t<\/div>\n\t\t\t\t\t<\/div>\n\t\t<\/article>\n\t\t\t\t<\/div>\n\t\t\n\t\t\t\t\t\t<\/div>\n\t\t\t\t<\/div>\n\t\t\t\t\t<\/div>\n\t\t\t\t<\/div>\n\t\t<div class=\"elementor-element elementor-element-ed92d01 e-flex e-con-boxed e-con e-parent\" data-id=\"ed92d01\" data-element_type=\"container\" data-e-type=\"container\" data-settings=\"{&quot;background_background&quot;:&quot;classic&quot;}\">\n\t\t\t\t\t<div class=\"e-con-inner\">\n\t\t\t\t<div class=\"elementor-element elementor-element-a51c573 elementor-widget elementor-widget-heading\" data-id=\"a51c573\" data-element_type=\"widget\" data-e-type=\"widget\" data-widget_type=\"heading.default\">\n\t\t\t\t\t<h1 class=\"elementor-heading-title elementor-size-default\">Vous avez des questions\u00a0? Nous vous conseillons personnellement, en toute confidentialit\u00e9 et en nous concentrant sur les solutions.<\/h1>\t\t\t\t<\/div>\n\t\t\t\t<div class=\"elementor-element elementor-element-debd856 elementor-widget elementor-widget-button\" data-id=\"debd856\" data-element_type=\"widget\" data-e-type=\"widget\" data-widget_type=\"button.default\">\n\t\t\t\t\t\t\t\t\t\t<a class=\"elementor-button elementor-button-link elementor-size-sm\" href=\"\/fr\/contact\/\">\n\t\t\t\t\t\t<span class=\"elementor-button-content-wrapper\">\n\t\t\t\t\t\t\t\t\t<span class=\"elementor-button-text\">Contactez-nous<\/span>\n\t\t\t\t\t<\/span>\n\t\t\t\t\t<\/a>\n\t\t\t\t\t\t\t\t<\/div>\n\t\t\t\t\t<\/div>\n\t\t\t\t<\/div>\n\t\t\t\t<\/div>","protected":false},"excerpt":{"rendered":"<p>Kolumne Der Druck auf die berufliche Vorsorge steigt: Demografie, volatile M\u00e4rkte und wachsende Regulierung fordern Innovationen:Eine L\u00f6sung r\u00fcckt ins Zentrum \u2013 die Auslagerung von Rentnerbest\u00e4nden in spezialisierte Stiftungen. Diese Kolumne richtet sich an Verantwortungstr\u00e4ger wie Stiftungsr\u00e4te, Gesch\u00e4ftsf\u00fchrer von Pensionskassen, Arbeitgeber- und Arbeitnehmervertreter, Experten und Broker.Ziel: Orientierung, Chancen und Impulse f\u00fcr tragf\u00e4hige Entscheidungen aufzeigen. Die \u00dcbertragung [&hellip;]<\/p>\n","protected":false},"author":1,"featured_media":0,"parent":0,"menu_order":0,"comment_status":"closed","ping_status":"closed","template":"","meta":{"footnotes":""},"class_list":["post-290","page","type-page","status-publish","hentry"],"_links":{"self":[{"href":"https:\/\/schweizerischerentnerstiftung.ch\/fr\/wp-json\/wp\/v2\/pages\/290","targetHints":{"allow":["GET"]}}],"collection":[{"href":"https:\/\/schweizerischerentnerstiftung.ch\/fr\/wp-json\/wp\/v2\/pages"}],"about":[{"href":"https:\/\/schweizerischerentnerstiftung.ch\/fr\/wp-json\/wp\/v2\/types\/page"}],"author":[{"embeddable":true,"href":"https:\/\/schweizerischerentnerstiftung.ch\/fr\/wp-json\/wp\/v2\/users\/1"}],"replies":[{"embeddable":true,"href":"https:\/\/schweizerischerentnerstiftung.ch\/fr\/wp-json\/wp\/v2\/comments?post=290"}],"version-history":[{"count":15,"href":"https:\/\/schweizerischerentnerstiftung.ch\/fr\/wp-json\/wp\/v2\/pages\/290\/revisions"}],"predecessor-version":[{"id":1211,"href":"https:\/\/schweizerischerentnerstiftung.ch\/fr\/wp-json\/wp\/v2\/pages\/290\/revisions\/1211"}],"wp:attachment":[{"href":"https:\/\/schweizerischerentnerstiftung.ch\/fr\/wp-json\/wp\/v2\/media?parent=290"}],"curies":[{"name":"wp","href":"https:\/\/api.w.org\/{rel}","templated":true}]}}